{"id":98,"date":"2015-09-10T20:33:26","date_gmt":"2015-09-10T19:33:26","guid":{"rendered":"http:\/\/grainsetgalets.fr\/?page_id=98"},"modified":"2023-12-18T21:32:41","modified_gmt":"2023-12-18T20:32:41","slug":"limousinerie","status":"publish","type":"page","link":"http:\/\/www.grainsetgalets.fr\/?page_id=98","title":{"rendered":"Limousinerie"},"content":{"rendered":"<p>Ma\u00e7onnerie \u00e0 la chaux apr\u00e8s ouverture dans un mur de schiste (Angers 49)<\/p>\n\n\n<div class=\"wp-block-columns is-layout-flex wp-container-core-columns-layout-1 wp-block-columns-is-layout-flex\">\n<div class=\"wp-block-column is-layout-flow wp-block-column-is-layout-flow\" style=\"flex-basis:50%\">\n<figure class=\"wp-block-gallery has-nested-images columns-default is-cropped wp-block-gallery-1 is-layout-flex wp-block-gallery-is-layout-flex\">\n<figure class=\"wp-block-image size-large\"><a href=\"http:\/\/www.grainsetgalets.fr\/wp-content\/uploads\/2015\/09\/limousinerie01.jpg\"><img loading=\"lazy\" decoding=\"async\" width=\"650\" height=\"867\" src=\"http:\/\/ly.amialog.fr\/wp-content\/uploads\/2015\/09\/limousinerie01.jpg\" alt=\"Etat initial limousinerie\" class=\"wp-image-167\" srcset=\"http:\/\/www.grainsetgalets.fr\/wp-content\/uploads\/2015\/09\/limousinerie01.jpg 650w, http:\/\/www.grainsetgalets.fr\/wp-content\/uploads\/2015\/09\/limousinerie01-225x300.jpg 225w\" sizes=\"(max-width: 650px) 100vw, 650px\" \/><\/a><\/figure>\n\n\n\n<figure class=\"wp-block-image size-large\"><a href=\"http:\/\/www.grainsetgalets.fr\/wp-content\/uploads\/2015\/09\/limousinerie02.jpg\"><img loading=\"lazy\" decoding=\"async\" width=\"650\" height=\"867\" src=\"http:\/\/ly.amialog.fr\/wp-content\/uploads\/2015\/09\/limousinerie02.jpg\" alt=\"Etat final limousinerie\" class=\"wp-image-168\" srcset=\"http:\/\/www.grainsetgalets.fr\/wp-content\/uploads\/2015\/09\/limousinerie02.jpg 650w, http:\/\/www.grainsetgalets.fr\/wp-content\/uploads\/2015\/09\/limousinerie02-225x300.jpg 225w\" sizes=\"(max-width: 650px) 100vw, 650px\" \/><\/a><\/figure>\n<\/figure>\n<\/div>\n\n\n\n<div class=\"wp-block-column is-layout-flow wp-block-column-is-layout-flow\" style=\"flex-basis:50%\"><\/div>\n<\/div>\n","protected":false},"excerpt":{"rendered":"<p>Ma\u00e7onnerie \u00e0 la chaux apr\u00e8s ouverture dans un mur de schiste (Angers 49)<\/p>\n","protected":false},"author":1,"featured_media":0,"parent":0,"menu_order":0,"comment_status":"closed","ping_status":"closed","template":"","meta":{"footnotes":""},"_links":{"self":[{"href":"http:\/\/www.grainsetgalets.fr\/index.php?rest_route=\/wp\/v2\/pages\/98"}],"collection":[{"href":"http:\/\/www.grainsetgalets.fr\/index.php?rest_route=\/wp\/v2\/pages"}],"about":[{"href":"http:\/\/www.grainsetgalets.fr\/index.php?rest_route=\/wp\/v2\/types\/page"}],"author":[{"embeddable":true,"href":"http:\/\/www.grainsetgalets.fr\/index.php?rest_route=\/wp\/v2\/users\/1"}],"replies":[{"embeddable":true,"href":"http:\/\/www.grainsetgalets.fr\/index.php?rest_route=%2Fwp%2Fv2%2Fcomments&post=98"}],"version-history":[{"count":8,"href":"http:\/\/www.grainsetgalets.fr\/index.php?rest_route=\/wp\/v2\/pages\/98\/revisions"}],"predecessor-version":[{"id":527,"href":"http:\/\/www.grainsetgalets.fr\/index.php?rest_route=\/wp\/v2\/pages\/98\/revisions\/527"}],"wp:attachment":[{"href":"http:\/\/www.grainsetgalets.fr\/index.php?rest_route=%2Fwp%2Fv2%2Fmedia&parent=98"}],"curies":[{"name":"wp","href":"https:\/\/api.w.org\/{rel}","templated":true}]}}