{"id":365,"date":"2016-05-13T15:46:20","date_gmt":"2016-05-13T14:46:20","guid":{"rendered":"http:\/\/grainsetgalets.fr\/?page_id=365"},"modified":"2023-12-18T21:37:19","modified_gmt":"2023-12-18T20:37:19","slug":"sols-mosaique-et-terres-cuites","status":"publish","type":"page","link":"http:\/\/www.grainsetgalets.fr\/?page_id=365","title":{"rendered":"Sols, mosa\u00efque et terres cuites"},"content":{"rendered":"<p>Mosa\u00efque r\u00e9alis\u00e9e \u00e0 partir de carrelage (Terragora Lodges les Epesses 85 Vend\u00e9e)<\/p>\n\n\n<div class=\"wp-block-columns is-layout-flex wp-container-core-columns-layout-1 wp-block-columns-is-layout-flex\">\n<div class=\"wp-block-column is-layout-flow wp-block-column-is-layout-flow\" style=\"flex-basis:50%\">\n<figure class=\"wp-block-gallery has-nested-images columns-default is-cropped wp-block-gallery-1 is-layout-flex wp-block-gallery-is-layout-flex\">\n<figure class=\"wp-block-image size-large\"><a href=\"http:\/\/www.grainsetgalets.fr\/wp-content\/uploads\/2016\/05\/mosaique_terragora_02.jpg\"><img loading=\"lazy\" decoding=\"async\" width=\"700\" height=\"525\" src=\"http:\/\/ly.amialog.fr\/wp-content\/uploads\/2016\/05\/mosaique_terragora_02.jpg\" alt=\"Mosa\u00efque r\u00e9alis\u00e9e \u00e0 Terragorra par grainsetgalets.fr\" class=\"wp-image-367\" srcset=\"http:\/\/www.grainsetgalets.fr\/wp-content\/uploads\/2016\/05\/mosaique_terragora_02.jpg 700w, http:\/\/www.grainsetgalets.fr\/wp-content\/uploads\/2016\/05\/mosaique_terragora_02-300x225.jpg 300w\" sizes=\"(max-width: 700px) 100vw, 700px\" \/><\/a><\/figure>\n\n\n\n<figure class=\"wp-block-image size-large\"><a href=\"http:\/\/www.grainsetgalets.fr\/wp-content\/uploads\/2016\/05\/mosaique_terragora.jpg\"><img loading=\"lazy\" decoding=\"async\" width=\"700\" height=\"933\" src=\"http:\/\/ly.amialog.fr\/wp-content\/uploads\/2016\/05\/mosaique_terragora.jpg\" alt=\"Mosa\u00efque r\u00e9alis\u00e9e \u00e0 Terragorra par grainsetgalets.fr\" class=\"wp-image-366\" srcset=\"http:\/\/www.grainsetgalets.fr\/wp-content\/uploads\/2016\/05\/mosaique_terragora.jpg 700w, http:\/\/www.grainsetgalets.fr\/wp-content\/uploads\/2016\/05\/mosaique_terragora-225x300.jpg 225w\" sizes=\"(max-width: 700px) 100vw, 700px\" \/><\/a><\/figure>\n<\/figure>\n<\/div>\n\n\n\n<div class=\"wp-block-column is-layout-flow wp-block-column-is-layout-flow\" style=\"flex-basis:50%\"><\/div>\n<\/div>\n","protected":false},"excerpt":{"rendered":"<p>Mosa\u00efque r\u00e9alis\u00e9e \u00e0 partir de carrelage (Terragora Lodges les Epesses 85 Vend\u00e9e)<\/p>\n","protected":false},"author":1,"featured_media":0,"parent":0,"menu_order":0,"comment_status":"closed","ping_status":"closed","template":"","meta":{"footnotes":""},"_links":{"self":[{"href":"http:\/\/www.grainsetgalets.fr\/index.php?rest_route=\/wp\/v2\/pages\/365"}],"collection":[{"href":"http:\/\/www.grainsetgalets.fr\/index.php?rest_route=\/wp\/v2\/pages"}],"about":[{"href":"http:\/\/www.grainsetgalets.fr\/index.php?rest_route=\/wp\/v2\/types\/page"}],"author":[{"embeddable":true,"href":"http:\/\/www.grainsetgalets.fr\/index.php?rest_route=\/wp\/v2\/users\/1"}],"replies":[{"embeddable":true,"href":"http:\/\/www.grainsetgalets.fr\/index.php?rest_route=%2Fwp%2Fv2%2Fcomments&post=365"}],"version-history":[{"count":4,"href":"http:\/\/www.grainsetgalets.fr\/index.php?rest_route=\/wp\/v2\/pages\/365\/revisions"}],"predecessor-version":[{"id":531,"href":"http:\/\/www.grainsetgalets.fr\/index.php?rest_route=\/wp\/v2\/pages\/365\/revisions\/531"}],"wp:attachment":[{"href":"http:\/\/www.grainsetgalets.fr\/index.php?rest_route=%2Fwp%2Fv2%2Fmedia&parent=365"}],"curies":[{"name":"wp","href":"https:\/\/api.w.org\/{rel}","templated":true}]}}