{"id":21,"date":"2015-07-15T14:23:08","date_gmt":"2015-07-15T13:23:08","guid":{"rendered":"http:\/\/grainsetgalets.fr\/?page_id=21"},"modified":"2023-12-18T20:42:26","modified_gmt":"2023-12-18T19:42:26","slug":"contact","status":"publish","type":"page","link":"http:\/\/www.grainsetgalets.fr\/?page_id=21","title":{"rendered":"Contact"},"content":{"rendered":"<p>Landry Daviaud, soci\u00e9t\u00e9 Grains et Galets<\/p>\n<p>Mon adresse postale se situe \u00e0 Angers (Maine-et-Loire) et dor\u00e9navant je rayonne sur la r\u00e9gion et m\u00eame au-del\u00e0 selon l&rsquo;int\u00e9r\u00eat des chantiers.<\/p>\n<p>Pour me contacter,<\/p>\n<ul>\n<li>par t\u00e9l\u00e9phone au 06 07 05 19 92<\/li>\n<li>par email: landry.daviaud@gmail.com<\/li>\n<\/ul>\n","protected":false},"excerpt":{"rendered":"<p>Landry Daviaud, soci\u00e9t\u00e9 Grains et Galets Mon adresse postale se situe \u00e0 Angers (Maine-et-Loire) et dor\u00e9navant je rayonne sur la r\u00e9gion et m\u00eame au-del\u00e0 selon l&rsquo;int\u00e9r\u00eat des chantiers. Pour me contacter, par t\u00e9l\u00e9phone au 06 07 05 19 92 par email: landry.daviaud@gmail.com<\/p>\n","protected":false},"author":1,"featured_media":0,"parent":0,"menu_order":0,"comment_status":"closed","ping_status":"closed","template":"","meta":{"footnotes":""},"_links":{"self":[{"href":"http:\/\/www.grainsetgalets.fr\/index.php?rest_route=\/wp\/v2\/pages\/21"}],"collection":[{"href":"http:\/\/www.grainsetgalets.fr\/index.php?rest_route=\/wp\/v2\/pages"}],"about":[{"href":"http:\/\/www.grainsetgalets.fr\/index.php?rest_route=\/wp\/v2\/types\/page"}],"author":[{"embeddable":true,"href":"http:\/\/www.grainsetgalets.fr\/index.php?rest_route=\/wp\/v2\/users\/1"}],"replies":[{"embeddable":true,"href":"http:\/\/www.grainsetgalets.fr\/index.php?rest_route=%2Fwp%2Fv2%2Fcomments&post=21"}],"version-history":[{"count":9,"href":"http:\/\/www.grainsetgalets.fr\/index.php?rest_route=\/wp\/v2\/pages\/21\/revisions"}],"predecessor-version":[{"id":498,"href":"http:\/\/www.grainsetgalets.fr\/index.php?rest_route=\/wp\/v2\/pages\/21\/revisions\/498"}],"wp:attachment":[{"href":"http:\/\/www.grainsetgalets.fr\/index.php?rest_route=%2Fwp%2Fv2%2Fmedia&parent=21"}],"curies":[{"name":"wp","href":"https:\/\/api.w.org\/{rel}","templated":true}]}}