{"id":128,"date":"2015-09-10T20:55:40","date_gmt":"2015-09-10T19:55:40","guid":{"rendered":"http:\/\/grainsetgalets.fr\/?page_id=128"},"modified":"2023-12-18T21:40:05","modified_gmt":"2023-12-18T20:40:05","slug":"taille-de-pierre","status":"publish","type":"page","link":"http:\/\/www.grainsetgalets.fr\/?page_id=128","title":{"rendered":"Taille de pierre"},"content":{"rendered":"<p>La taille de pierre est mon premier m\u00e9tier dans le b\u00e2timent.<\/p>\n<p>Il permet de r\u00e9aliser des syst\u00e8mes en pierre de taille comme les entourages de portes et de fen\u00eatres (jambages, seuils, appuis et linteaux), les lucarnes, corniches, souches de chemin\u00e9es et chemin\u00e9es&#8230;<\/p>\n<p>En neuf comme en restauration, j&rsquo;utilise la pierre locale. Ainsi, selon la localisation de mes chantiers, j&rsquo;ai appr\u00e9hend\u00e9 diff\u00e9rentes qualit\u00e9s de pierre allant de la pierre dure (granit et pierre coquilli\u00e8re) en vend\u00e9e et autour du Layon, \u00e0 tendre (tuffeau) aux alentours d&rsquo;Angers.<\/p>\n<p>Mon activit\u00e9 au sein de la SARL Cottenceau et de Gilles Vincent Artisan m&rsquo;ont ainsi permis de travailler sur des syst\u00e8mes plus ou moins ouvrag\u00e9s \u00e0 la fois sur des maisons traditionnelles paysannes, bourgeoises et des \u00e9glises comme celle de la Salle de Vihiers sur laquelle j&rsquo;ai participer \u00e0 la restauration compl\u00e8te (d\u00e9montage, taille et ma\u00e7onnerie) d&rsquo;un oculus ou rosace.<\/p>\n<p>La mod\u00e9nature (disposition de l&rsquo;ensemble des \u00e9l\u00e9ments d&rsquo;ornement) dans la taille de pierre est une activit\u00e9 \u00e0 part enti\u00e8re. Elle r\u00e9clame attention, pr\u00e9cision et exp\u00e9rience. Elle permet de r\u00e9aliser des syst\u00e8mes tr\u00e8s ouvrag\u00e9s et signe le style architectural de l&rsquo;\u00e9l\u00e9ment.<\/p>\n\n\n<figure class=\"wp-block-gallery has-nested-images columns-4 is-cropped wp-block-gallery-1 is-layout-flex wp-block-gallery-is-layout-flex\">\n<figure class=\"wp-block-image size-large\"><a href=\"http:\/\/www.grainsetgalets.fr\/wp-content\/uploads\/2015\/09\/tailledepierre09.jpg\"><img loading=\"lazy\" decoding=\"async\" width=\"650\" height=\"488\" data-id=\"318\" src=\"http:\/\/ly.amialog.fr\/wp-content\/uploads\/2015\/09\/tailledepierre09.jpg\" alt=\"taille de pierre: r\u00e9alisation d'une partie de chapiteau\" class=\"wp-image-318\" srcset=\"http:\/\/www.grainsetgalets.fr\/wp-content\/uploads\/2015\/09\/tailledepierre09.jpg 650w, http:\/\/www.grainsetgalets.fr\/wp-content\/uploads\/2015\/09\/tailledepierre09-300x225.jpg 300w\" sizes=\"(max-width: 650px) 100vw, 650px\" \/><\/a><\/figure>\n\n\n\n<figure class=\"wp-block-image size-large\"><a href=\"http:\/\/www.grainsetgalets.fr\/wp-content\/uploads\/2015\/09\/tailledepierre10.jpg\"><img loading=\"lazy\" decoding=\"async\" width=\"650\" height=\"488\" data-id=\"317\" src=\"http:\/\/ly.amialog.fr\/wp-content\/uploads\/2015\/09\/tailledepierre10.jpg\" alt=\"Taille de pierre: partie de chapiteau taill\u00e9e et bouchard\u00e9e\" class=\"wp-image-317\" srcset=\"http:\/\/www.grainsetgalets.fr\/wp-content\/uploads\/2015\/09\/tailledepierre10.jpg 650w, http:\/\/www.grainsetgalets.fr\/wp-content\/uploads\/2015\/09\/tailledepierre10-300x225.jpg 300w\" sizes=\"(max-width: 650px) 100vw, 650px\" \/><\/a><\/figure>\n\n\n\n<figure class=\"wp-block-image size-large\"><a href=\"http:\/\/www.grainsetgalets.fr\/wp-content\/uploads\/2015\/09\/tailledepierre04.jpg\"><img loading=\"lazy\" decoding=\"async\" width=\"650\" height=\"488\" data-id=\"312\" src=\"http:\/\/ly.amialog.fr\/wp-content\/uploads\/2015\/09\/tailledepierre04.jpg\" alt=\"taille de pierre: fa\u00e7ade enduite avec fen\u00eatres taill\u00e9es et rema\u00e7onn\u00e9es\" class=\"wp-image-312\" srcset=\"http:\/\/www.grainsetgalets.fr\/wp-content\/uploads\/2015\/09\/tailledepierre04.jpg 650w, http:\/\/www.grainsetgalets.fr\/wp-content\/uploads\/2015\/09\/tailledepierre04-300x225.jpg 300w\" sizes=\"(max-width: 650px) 100vw, 650px\" \/><\/a><\/figure>\n\n\n\n<figure class=\"wp-block-image size-large\"><a href=\"http:\/\/www.grainsetgalets.fr\/wp-content\/uploads\/2015\/09\/tailledepierre07.jpg\"><img loading=\"lazy\" decoding=\"async\" width=\"650\" height=\"867\" data-id=\"315\" src=\"http:\/\/ly.amialog.fr\/wp-content\/uploads\/2015\/09\/tailledepierre07.jpg\" alt=\"taille de pierre: d\u00e9pose, taille et ma\u00e7onnerie d'un fenestrage en tuffeau\" class=\"wp-image-315\" srcset=\"http:\/\/www.grainsetgalets.fr\/wp-content\/uploads\/2015\/09\/tailledepierre07.jpg 650w, http:\/\/www.grainsetgalets.fr\/wp-content\/uploads\/2015\/09\/tailledepierre07-225x300.jpg 225w\" sizes=\"(max-width: 650px) 100vw, 650px\" \/><\/a><\/figure>\n<\/figure>\n\n\n\n<figure class=\"wp-block-gallery has-nested-images columns-4 is-cropped wp-block-gallery-2 is-layout-flex wp-block-gallery-is-layout-flex\">\n<figure class=\"wp-block-image size-large\"><a href=\"http:\/\/www.grainsetgalets.fr\/wp-content\/uploads\/2015\/09\/tailledepierre05.jpg\"><img loading=\"lazy\" decoding=\"async\" width=\"650\" height=\"867\" data-id=\"313\" src=\"http:\/\/ly.amialog.fr\/wp-content\/uploads\/2015\/09\/tailledepierre05.jpg\" alt=\"taille de pierre: d\u00e9pose, taille et ma\u00e7onnerie d'une fen\u00eatre \u00e0 meneau en tuffeau\" class=\"wp-image-313\" srcset=\"http:\/\/www.grainsetgalets.fr\/wp-content\/uploads\/2015\/09\/tailledepierre05.jpg 650w, http:\/\/www.grainsetgalets.fr\/wp-content\/uploads\/2015\/09\/tailledepierre05-225x300.jpg 225w\" sizes=\"(max-width: 650px) 100vw, 650px\" \/><\/a><\/figure>\n\n\n\n<figure class=\"wp-block-image size-large\"><a href=\"http:\/\/www.grainsetgalets.fr\/wp-content\/uploads\/2015\/09\/tailledepierre06.jpg\"><img loading=\"lazy\" decoding=\"async\" width=\"650\" height=\"867\" data-id=\"314\" src=\"http:\/\/ly.amialog.fr\/wp-content\/uploads\/2015\/09\/tailledepierre06.jpg\" alt=\"taille de pierre: taille et r\u00e9fection d'un fen\u00eatre \u00e0 meneau en pierre coquilli\u00e8re\" class=\"wp-image-314\" srcset=\"http:\/\/www.grainsetgalets.fr\/wp-content\/uploads\/2015\/09\/tailledepierre06.jpg 650w, http:\/\/www.grainsetgalets.fr\/wp-content\/uploads\/2015\/09\/tailledepierre06-225x300.jpg 225w\" sizes=\"(max-width: 650px) 100vw, 650px\" \/><\/a><\/figure>\n\n\n\n<figure class=\"wp-block-image size-large\"><a href=\"http:\/\/www.grainsetgalets.fr\/wp-content\/uploads\/2015\/09\/tailledepierre02.jpg\"><img loading=\"lazy\" decoding=\"async\" width=\"650\" height=\"867\" data-id=\"310\" src=\"http:\/\/ly.amialog.fr\/wp-content\/uploads\/2015\/09\/tailledepierre02.jpg\" alt=\"taille de pierre: refection et taille d'une fen\u00eatre en pierre coquilli\u00e8re\" class=\"wp-image-310\" srcset=\"http:\/\/www.grainsetgalets.fr\/wp-content\/uploads\/2015\/09\/tailledepierre02.jpg 650w, http:\/\/www.grainsetgalets.fr\/wp-content\/uploads\/2015\/09\/tailledepierre02-225x300.jpg 225w\" sizes=\"(max-width: 650px) 100vw, 650px\" \/><\/a><\/figure>\n\n\n\n<figure class=\"wp-block-image size-large\"><a href=\"http:\/\/ly.amialog.fr\/wp-content\/uploads\/2015\/09\/tailledepierre03.jpg\"><img loading=\"lazy\" decoding=\"async\" width=\"650\" height=\"867\" data-id=\"311\" src=\"http:\/\/ly.amialog.fr\/wp-content\/uploads\/2015\/09\/tailledepierre03.jpg\" alt=\"taille de pierre: refection et taille d'une fen\u00eatre en pierre coquilli\u00e8re\" class=\"wp-image-311\" srcset=\"http:\/\/www.grainsetgalets.fr\/wp-content\/uploads\/2015\/09\/tailledepierre03.jpg 650w, http:\/\/www.grainsetgalets.fr\/wp-content\/uploads\/2015\/09\/tailledepierre03-225x300.jpg 225w\" sizes=\"(max-width: 650px) 100vw, 650px\" \/><\/a><\/figure>\n<\/figure>\n","protected":false},"excerpt":{"rendered":"<p>La taille de pierre est mon premier m\u00e9tier dans le b\u00e2timent. Il permet de r\u00e9aliser des syst\u00e8mes en pierre de taille comme les entourages de portes et de fen\u00eatres (jambages, seuils, appuis et linteaux), les lucarnes, corniches, souches de chemin\u00e9es et chemin\u00e9es&#8230; En neuf comme en restauration, j&rsquo;utilise la pierre locale. Ainsi, selon la localisation [&hellip;]<\/p>\n","protected":false},"author":1,"featured_media":0,"parent":0,"menu_order":0,"comment_status":"closed","ping_status":"closed","template":"","meta":{"footnotes":""},"_links":{"self":[{"href":"http:\/\/www.grainsetgalets.fr\/index.php?rest_route=\/wp\/v2\/pages\/128"}],"collection":[{"href":"http:\/\/www.grainsetgalets.fr\/index.php?rest_route=\/wp\/v2\/pages"}],"about":[{"href":"http:\/\/www.grainsetgalets.fr\/index.php?rest_route=\/wp\/v2\/types\/page"}],"author":[{"embeddable":true,"href":"http:\/\/www.grainsetgalets.fr\/index.php?rest_route=\/wp\/v2\/users\/1"}],"replies":[{"embeddable":true,"href":"http:\/\/www.grainsetgalets.fr\/index.php?rest_route=%2Fwp%2Fv2%2Fcomments&post=128"}],"version-history":[{"count":7,"href":"http:\/\/www.grainsetgalets.fr\/index.php?rest_route=\/wp\/v2\/pages\/128\/revisions"}],"predecessor-version":[{"id":534,"href":"http:\/\/www.grainsetgalets.fr\/index.php?rest_route=\/wp\/v2\/pages\/128\/revisions\/534"}],"wp:attachment":[{"href":"http:\/\/www.grainsetgalets.fr\/index.php?rest_route=%2Fwp%2Fv2%2Fmedia&parent=128"}],"curies":[{"name":"wp","href":"https:\/\/api.w.org\/{rel}","templated":true}]}}