{"id":102,"date":"2015-09-10T20:34:35","date_gmt":"2015-09-10T19:34:35","guid":{"rendered":"http:\/\/grainsetgalets.fr\/?page_id=102"},"modified":"2023-12-18T21:27:36","modified_gmt":"2023-12-18T20:27:36","slug":"adobe","status":"publish","type":"page","link":"http:\/\/www.grainsetgalets.fr\/?page_id=102","title":{"rendered":"Adobe"},"content":{"rendered":"<p>L&rsquo;adobe est une ma\u00e7onnerie de petits \u00e9l\u00e9ments, obtenus par moulage de terre crue de consistance plastique, puis s\u00e9ch\u00e9s. Le mortier est plut\u00f4t argileux et limoneux. Son \u00e9paisseur varie de 5 \u00e0 30 cm en cloison et plus en murs porteurs.<\/p>\n<p>En France, c&rsquo;est dans les alentours de Toulouse qu&rsquo;on la rencontre le plus souvent.<\/p>\n<\/p>\n\n\n<p>Pr\u00e9paration d&rsquo;adobes et r\u00e9alisation d&rsquo;un mur en terre crue (Taillebois 61)<\/p>\n\n\n\n<div class=\"wp-block-columns is-layout-flex wp-container-core-columns-layout-1 wp-block-columns-is-layout-flex\">\n<div class=\"wp-block-column is-layout-flow wp-block-column-is-layout-flow\" style=\"flex-basis:100%\">\n<figure class=\"wp-block-gallery has-nested-images columns-default is-cropped wp-block-gallery-1 is-layout-flex wp-block-gallery-is-layout-flex\">\n<figure class=\"wp-block-image size-large\"><a href=\"http:\/\/www.grainsetgalets.fr\/wp-content\/uploads\/2015\/09\/adobe05.jpg\"><img loading=\"lazy\" decoding=\"async\" width=\"650\" height=\"488\" src=\"http:\/\/ly.amialog.fr\/wp-content\/uploads\/2015\/09\/adobe05.jpg\" alt=\"\" class=\"wp-image-340\" srcset=\"http:\/\/www.grainsetgalets.fr\/wp-content\/uploads\/2015\/09\/adobe05.jpg 650w, http:\/\/www.grainsetgalets.fr\/wp-content\/uploads\/2015\/09\/adobe05-300x225.jpg 300w\" sizes=\"(max-width: 650px) 100vw, 650px\" \/><\/a><\/figure>\n\n\n\n<figure class=\"wp-block-image size-large\"><a href=\"http:\/\/www.grainsetgalets.fr\/wp-content\/uploads\/2015\/09\/adobe07.jpg\"><img loading=\"lazy\" decoding=\"async\" width=\"650\" height=\"488\" src=\"http:\/\/ly.amialog.fr\/wp-content\/uploads\/2015\/09\/adobe07.jpg\" alt=\"\" class=\"wp-image-342\" srcset=\"http:\/\/www.grainsetgalets.fr\/wp-content\/uploads\/2015\/09\/adobe07.jpg 650w, http:\/\/www.grainsetgalets.fr\/wp-content\/uploads\/2015\/09\/adobe07-300x225.jpg 300w\" sizes=\"(max-width: 650px) 100vw, 650px\" \/><\/a><\/figure>\n\n\n\n<figure class=\"wp-block-image size-large\"><a href=\"http:\/\/www.grainsetgalets.fr\/wp-content\/uploads\/2015\/09\/adobe06jpg.jpg\"><img loading=\"lazy\" decoding=\"async\" width=\"650\" height=\"488\" src=\"http:\/\/ly.amialog.fr\/wp-content\/uploads\/2015\/09\/adobe06jpg.jpg\" alt=\"\" class=\"wp-image-341\" srcset=\"http:\/\/www.grainsetgalets.fr\/wp-content\/uploads\/2015\/09\/adobe06jpg.jpg 650w, http:\/\/www.grainsetgalets.fr\/wp-content\/uploads\/2015\/09\/adobe06jpg-300x225.jpg 300w\" sizes=\"(max-width: 650px) 100vw, 650px\" \/><\/a><\/figure>\n<\/figure>\n<\/div>\n<\/div>\n\n\n\n<p>R\u00e9paration d\u2019un mur en bauge \u00e0 l\u2019aide d\u2019adobe (Vindefontaine 50)<\/p>\n\n\n\n<figure class=\"wp-block-gallery has-nested-images columns-default is-cropped wp-block-gallery-2 is-layout-flex wp-block-gallery-is-layout-flex\">\n<figure class=\"wp-block-image size-large\"><a href=\"http:\/\/www.grainsetgalets.fr\/wp-content\/uploads\/2015\/09\/adobe02.jpg\"><img loading=\"lazy\" decoding=\"async\" width=\"650\" height=\"366\" data-id=\"222\" src=\"http:\/\/ly.amialog.fr\/wp-content\/uploads\/2015\/09\/adobe02.jpg\" alt=\"Etat initial avant travail de refection et enduit terre et chaux\" class=\"wp-image-222\" srcset=\"http:\/\/www.grainsetgalets.fr\/wp-content\/uploads\/2015\/09\/adobe02.jpg 650w, http:\/\/www.grainsetgalets.fr\/wp-content\/uploads\/2015\/09\/adobe02-300x169.jpg 300w\" sizes=\"(max-width: 650px) 100vw, 650px\" \/><\/a><\/figure>\n\n\n\n<figure class=\"wp-block-image size-large\"><a href=\"http:\/\/www.grainsetgalets.fr\/wp-content\/uploads\/2015\/09\/adobe01.jpg\"><img loading=\"lazy\" decoding=\"async\" width=\"650\" height=\"488\" data-id=\"221\" src=\"http:\/\/ly.amialog.fr\/wp-content\/uploads\/2015\/09\/adobe01.jpg\" alt=\"Travail de r\u00e9paration \u00e0 l'adobe avant enduit terre et chaux\" class=\"wp-image-221\" srcset=\"http:\/\/www.grainsetgalets.fr\/wp-content\/uploads\/2015\/09\/adobe01.jpg 650w, http:\/\/www.grainsetgalets.fr\/wp-content\/uploads\/2015\/09\/adobe01-300x225.jpg 300w\" sizes=\"(max-width: 650px) 100vw, 650px\" \/><\/a><\/figure>\n\n\n\n<figure class=\"wp-block-image size-large\"><a href=\"http:\/\/www.grainsetgalets.fr\/wp-content\/uploads\/2015\/09\/chaux05.jpg\"><img loading=\"lazy\" decoding=\"async\" width=\"650\" height=\"488\" data-id=\"141\" src=\"http:\/\/ly.amialog.fr\/wp-content\/uploads\/2015\/09\/chaux05.jpg\" alt=\"Enduit \u00e0 la chaux gratt\u00e9 et pierres apparentes\" class=\"wp-image-141\" srcset=\"http:\/\/www.grainsetgalets.fr\/wp-content\/uploads\/2015\/09\/chaux05.jpg 650w, http:\/\/www.grainsetgalets.fr\/wp-content\/uploads\/2015\/09\/chaux05-300x225.jpg 300w\" sizes=\"(max-width: 650px) 100vw, 650px\" \/><\/a><\/figure>\n<\/figure>\n\n\n\n<p>Agrandissement d\u2019une porte et ma\u00e7onnerie en adobe<\/p>\n\n\n\n<div class=\"wp-block-columns is-layout-flex wp-container-core-columns-layout-2 wp-block-columns-is-layout-flex\">\n<div class=\"wp-block-column is-layout-flow wp-block-column-is-layout-flow\" style=\"flex-basis:25%\">\n<figure class=\"wp-block-image size-large\"><a href=\"http:\/\/www.grainsetgalets.fr\/wp-content\/uploads\/2015\/09\/adobe04.jpg\"><img loading=\"lazy\" decoding=\"async\" width=\"650\" height=\"867\" src=\"http:\/\/ly.amialog.fr\/wp-content\/uploads\/2015\/09\/adobe04.jpg\" alt=\"Etat initial avant travail de refection et enduit terre\" class=\"wp-image-224\" srcset=\"http:\/\/www.grainsetgalets.fr\/wp-content\/uploads\/2015\/09\/adobe04.jpg 650w, http:\/\/www.grainsetgalets.fr\/wp-content\/uploads\/2015\/09\/adobe04-225x300.jpg 225w\" sizes=\"(max-width: 650px) 100vw, 650px\" \/><\/a><\/figure>\n<\/div>\n\n\n\n<div class=\"wp-block-column is-layout-flow wp-block-column-is-layout-flow\" style=\"flex-basis:25%\">\n<figure class=\"wp-block-image size-large\"><a href=\"http:\/\/www.grainsetgalets.fr\/wp-content\/uploads\/2015\/09\/adobe03.jpg\"><img loading=\"lazy\" decoding=\"async\" width=\"650\" height=\"867\" src=\"http:\/\/ly.amialog.fr\/wp-content\/uploads\/2015\/09\/adobe03.jpg\" alt=\"Etat final avant travail de refection et enduit terre\" class=\"wp-image-223\" srcset=\"http:\/\/www.grainsetgalets.fr\/wp-content\/uploads\/2015\/09\/adobe03.jpg 650w, http:\/\/www.grainsetgalets.fr\/wp-content\/uploads\/2015\/09\/adobe03-225x300.jpg 225w\" sizes=\"(max-width: 650px) 100vw, 650px\" \/><\/a><\/figure>\n<\/div>\n\n\n\n<div class=\"wp-block-column is-layout-flow wp-block-column-is-layout-flow\" style=\"flex-basis:25%\"><\/div>\n\n\n\n<div class=\"wp-block-column is-layout-flow wp-block-column-is-layout-flow\" style=\"flex-basis:25%\"><\/div>\n<\/div>\n","protected":false},"excerpt":{"rendered":"<p>L&rsquo;adobe est une ma\u00e7onnerie de petits \u00e9l\u00e9ments, obtenus par moulage de terre crue de consistance plastique, puis s\u00e9ch\u00e9s. Le mortier est plut\u00f4t argileux et limoneux. Son \u00e9paisseur varie de 5 \u00e0 30 cm en cloison et plus en murs porteurs. En France, c&rsquo;est dans les alentours de Toulouse qu&rsquo;on la rencontre le plus souvent. Pr\u00e9paration [&hellip;]<\/p>\n","protected":false},"author":1,"featured_media":0,"parent":0,"menu_order":0,"comment_status":"closed","ping_status":"closed","template":"","meta":{"footnotes":""},"_links":{"self":[{"href":"http:\/\/www.grainsetgalets.fr\/index.php?rest_route=\/wp\/v2\/pages\/102"}],"collection":[{"href":"http:\/\/www.grainsetgalets.fr\/index.php?rest_route=\/wp\/v2\/pages"}],"about":[{"href":"http:\/\/www.grainsetgalets.fr\/index.php?rest_route=\/wp\/v2\/types\/page"}],"author":[{"embeddable":true,"href":"http:\/\/www.grainsetgalets.fr\/index.php?rest_route=\/wp\/v2\/users\/1"}],"replies":[{"embeddable":true,"href":"http:\/\/www.grainsetgalets.fr\/index.php?rest_route=%2Fwp%2Fv2%2Fcomments&post=102"}],"version-history":[{"count":11,"href":"http:\/\/www.grainsetgalets.fr\/index.php?rest_route=\/wp\/v2\/pages\/102\/revisions"}],"predecessor-version":[{"id":521,"href":"http:\/\/www.grainsetgalets.fr\/index.php?rest_route=\/wp\/v2\/pages\/102\/revisions\/521"}],"wp:attachment":[{"href":"http:\/\/www.grainsetgalets.fr\/index.php?rest_route=%2Fwp%2Fv2%2Fmedia&parent=102"}],"curies":[{"name":"wp","href":"https:\/\/api.w.org\/{rel}","templated":true}]}}