{"id":100,"date":"2015-09-10T20:34:07","date_gmt":"2015-09-10T19:34:07","guid":{"rendered":"http:\/\/grainsetgalets.fr\/?page_id=100"},"modified":"2023-12-18T21:36:29","modified_gmt":"2023-12-18T20:36:29","slug":"pise","status":"publish","type":"page","link":"http:\/\/www.grainsetgalets.fr\/?page_id=100","title":{"rendered":"Pis\u00e9"},"content":{"rendered":"<p>Le pis\u00e9 est un mode constructif \u00e0 base de terre graveleuse caract\u00e9ris\u00e9 par ses strates homog\u00e8nes . Il est r\u00e9alis\u00e9 banch\u00e9.<\/p>\n<p>En France, on le rencontre surtout dans la vall\u00e9e du Rh\u00f4ne.<\/p>\n<\/p>\n\n\n<p>R\u00e9alisation du mur falaise du mus\u00e9e du Pal\u00e9ospace (Villers-sur-mer 14)<\/p>\n\n\n\n<div class=\"wp-block-columns is-layout-flex wp-container-core-columns-layout-1 wp-block-columns-is-layout-flex\">\n<div class=\"wp-block-column is-layout-flow wp-block-column-is-layout-flow\" style=\"flex-basis:50%\">\n<figure class=\"wp-block-gallery has-nested-images columns-default is-cropped wp-block-gallery-1 is-layout-flex wp-block-gallery-is-layout-flex\">\n<figure class=\"wp-block-image size-large\"><a href=\"http:\/\/www.grainsetgalets.fr\/wp-content\/uploads\/2015\/09\/pis\u00e903.jpg\"><img loading=\"lazy\" decoding=\"async\" width=\"650\" height=\"488\" src=\"http:\/\/ly.amialog.fr\/wp-content\/uploads\/2015\/09\/pis\u00e903.jpg\" alt=\"Etat initial avant pis\u00e9 d\u00e9coratif\" class=\"wp-image-227\" srcset=\"http:\/\/www.grainsetgalets.fr\/wp-content\/uploads\/2015\/09\/pis\u00e903.jpg 650w, http:\/\/www.grainsetgalets.fr\/wp-content\/uploads\/2015\/09\/pis\u00e903-300x225.jpg 300w\" sizes=\"(max-width: 650px) 100vw, 650px\" \/><\/a><\/figure>\n\n\n\n<figure class=\"wp-block-image size-large\"><a href=\"http:\/\/www.grainsetgalets.fr\/wp-content\/uploads\/2015\/09\/pis\u00e902.jpg\"><img loading=\"lazy\" decoding=\"async\" width=\"650\" height=\"488\" src=\"http:\/\/ly.amialog.fr\/wp-content\/uploads\/2015\/09\/pis\u00e902.jpg\" alt=\"pis\u00e9 d\u00e9coratif\" class=\"wp-image-226\" srcset=\"http:\/\/www.grainsetgalets.fr\/wp-content\/uploads\/2015\/09\/pis\u00e902.jpg 650w, http:\/\/www.grainsetgalets.fr\/wp-content\/uploads\/2015\/09\/pis\u00e902-300x225.jpg 300w\" sizes=\"(max-width: 650px) 100vw, 650px\" \/><\/a><\/figure>\n<\/figure>\n<\/div>\n\n\n\n<div class=\"wp-block-column is-layout-flow wp-block-column-is-layout-flow\" style=\"flex-basis:50%\"><\/div>\n<\/div>\n\n\n\n<p>Pis\u00e9 d\u00e9coratif (Terragora Lodges Les Epesses 85)<\/p>\n\n\n\n<div class=\"wp-block-columns is-layout-flex wp-container-core-columns-layout-2 wp-block-columns-is-layout-flex\">\n<div class=\"wp-block-column is-layout-flow wp-block-column-is-layout-flow\" style=\"flex-basis:25%\">\n<figure class=\"wp-block-gallery has-nested-images columns-default is-cropped wp-block-gallery-2 is-layout-flex wp-block-gallery-is-layout-flex\">\n<figure class=\"wp-block-image size-large\"><a href=\"http:\/\/www.grainsetgalets.fr\/wp-content\/uploads\/2015\/09\/pis\u00e901.jpg\"><img loading=\"lazy\" decoding=\"async\" width=\"650\" height=\"488\" src=\"http:\/\/ly.amialog.fr\/wp-content\/uploads\/2015\/09\/pis\u00e901.jpg\" alt=\"pis\u00e9 d\u00e9coratif\" class=\"wp-image-225\" srcset=\"http:\/\/www.grainsetgalets.fr\/wp-content\/uploads\/2015\/09\/pis\u00e901.jpg 650w, http:\/\/www.grainsetgalets.fr\/wp-content\/uploads\/2015\/09\/pis\u00e901-300x225.jpg 300w\" sizes=\"(max-width: 650px) 100vw, 650px\" \/><\/a><\/figure>\n<\/figure>\n<\/div>\n\n\n\n<div class=\"wp-block-column is-layout-flow wp-block-column-is-layout-flow\" style=\"flex-basis:25%\"><\/div>\n\n\n\n<div class=\"wp-block-column is-layout-flow wp-block-column-is-layout-flow\" style=\"flex-basis:25%\"><\/div>\n\n\n\n<div class=\"wp-block-column is-layout-flow wp-block-column-is-layout-flow\" style=\"flex-basis:25%\"><\/div>\n<\/div>\n","protected":false},"excerpt":{"rendered":"<p>Le pis\u00e9 est un mode constructif \u00e0 base de terre graveleuse caract\u00e9ris\u00e9 par ses strates homog\u00e8nes . Il est r\u00e9alis\u00e9 banch\u00e9. En France, on le rencontre surtout dans la vall\u00e9e du Rh\u00f4ne. R\u00e9alisation du mur falaise du mus\u00e9e du Pal\u00e9ospace (Villers-sur-mer 14) Pis\u00e9 d\u00e9coratif (Terragora Lodges Les Epesses 85)<\/p>\n","protected":false},"author":1,"featured_media":0,"parent":0,"menu_order":0,"comment_status":"closed","ping_status":"closed","template":"","meta":{"footnotes":""},"_links":{"self":[{"href":"http:\/\/www.grainsetgalets.fr\/index.php?rest_route=\/wp\/v2\/pages\/100"}],"collection":[{"href":"http:\/\/www.grainsetgalets.fr\/index.php?rest_route=\/wp\/v2\/pages"}],"about":[{"href":"http:\/\/www.grainsetgalets.fr\/index.php?rest_route=\/wp\/v2\/types\/page"}],"author":[{"embeddable":true,"href":"http:\/\/www.grainsetgalets.fr\/index.php?rest_route=\/wp\/v2\/users\/1"}],"replies":[{"embeddable":true,"href":"http:\/\/www.grainsetgalets.fr\/index.php?rest_route=%2Fwp%2Fv2%2Fcomments&post=100"}],"version-history":[{"count":5,"href":"http:\/\/www.grainsetgalets.fr\/index.php?rest_route=\/wp\/v2\/pages\/100\/revisions"}],"predecessor-version":[{"id":530,"href":"http:\/\/www.grainsetgalets.fr\/index.php?rest_route=\/wp\/v2\/pages\/100\/revisions\/530"}],"wp:attachment":[{"href":"http:\/\/www.grainsetgalets.fr\/index.php?rest_route=%2Fwp%2Fv2%2Fmedia&parent=100"}],"curies":[{"name":"wp","href":"https:\/\/api.w.org\/{rel}","templated":true}]}}